{"id":484,"date":"2018-12-02T23:14:46","date_gmt":"2018-12-02T23:14:46","guid":{"rendered":"https:\/\/www.firstgulfproperties.com\/?page_id=484"},"modified":"2022-01-28T08:45:45","modified_gmt":"2022-01-28T08:45:45","slug":"imprint","status":"publish","type":"page","link":"https:\/\/www.muehldorfer-sommerakademie.de\/?page_id=484&lang=en","title":{"rendered":"Imprint"},"content":{"rendered":"<p>Responsible for content: <strong>Thomas Breitsameter<\/strong><br \/>\nMunicipal Music School M\u00fchldorf a.Inn<br \/>\nHans-Pr\u00e4hofer-House<br \/>\nLuitpoldallee 23<br \/>\nD-84453 M\u00fchldorf a.Inn<br \/>\nTel: +49 8631 612-280<br \/>\nFax: +49 8631 3680-280<\/p>\n<p>Email: kontakt@muehldorfer-sommerakademie.de<\/p>\n<p><strong>Patronage<\/strong><\/p>\n<p>Michael Hetzl, First Mayor of the City M\u00fchldorf a.Inn<br \/>\nClaudia Hungerhuber, Cultural Officer of the City M\u00fchldorf a.Inn<\/p>\n","protected":false},"excerpt":{"rendered":"<p>Responsible for content: Thomas Breitsameter Municipal Music School M\u00fchldorf a.Inn Hans-Pr\u00e4hofer-House Luitpoldallee 23 D-84453 M\u00fchldorf a.Inn Tel: +49 8631 612-280 Fax: +49 8631 3680-280 Email: kontakt@muehldorfer-sommerakademie.de Patronage Michael Hetzl, First Mayor of the City M\u00fchldorf a.Inn Claudia Hungerhuber, Cultural Officer of the City M\u00fchldorf a.Inn<\/p>\n","protected":false},"author":7,"featured_media":0,"parent":0,"menu_order":0,"comment_status":"closed","ping_status":"closed","template":"","meta":{"xn-wppe-expiration":[],"xn-wppe-expiration-action":[],"xn-wppe-expiration-prefix":[],"_crdt_document":"","ngg_post_thumbnail":0,"footnotes":""},"class_list":["post-484","page","type-page","status-publish","hentry"],"acf":[],"_links":{"self":[{"href":"https:\/\/www.muehldorfer-sommerakademie.de\/index.php?rest_route=\/wp\/v2\/pages\/484","targetHints":{"allow":["GET"]}}],"collection":[{"href":"https:\/\/www.muehldorfer-sommerakademie.de\/index.php?rest_route=\/wp\/v2\/pages"}],"about":[{"href":"https:\/\/www.muehldorfer-sommerakademie.de\/index.php?rest_route=\/wp\/v2\/types\/page"}],"author":[{"embeddable":true,"href":"https:\/\/www.muehldorfer-sommerakademie.de\/index.php?rest_route=\/wp\/v2\/users\/7"}],"replies":[{"embeddable":true,"href":"https:\/\/www.muehldorfer-sommerakademie.de\/index.php?rest_route=%2Fwp%2Fv2%2Fcomments&post=484"}],"version-history":[{"count":2,"href":"https:\/\/www.muehldorfer-sommerakademie.de\/index.php?rest_route=\/wp\/v2\/pages\/484\/revisions"}],"predecessor-version":[{"id":918,"href":"https:\/\/www.muehldorfer-sommerakademie.de\/index.php?rest_route=\/wp\/v2\/pages\/484\/revisions\/918"}],"wp:attachment":[{"href":"https:\/\/www.muehldorfer-sommerakademie.de\/index.php?rest_route=%2Fwp%2Fv2%2Fmedia&parent=484"}],"curies":[{"name":"wp","href":"https:\/\/api.w.org\/{rel}","templated":true}]}}