{"id":36,"date":"2018-11-15T16:46:37","date_gmt":"2018-11-15T16:46:37","guid":{"rendered":"https:\/\/www.firstgulfproperties.com\/?page_id=36"},"modified":"2022-01-28T08:47:12","modified_gmt":"2022-01-28T08:47:12","slug":"impressum","status":"publish","type":"page","link":"https:\/\/www.muehldorfer-sommerakademie.de\/?page_id=36","title":{"rendered":"Impressum"},"content":{"rendered":"<p>Verantwortlich f\u00fcr den Inhalt: <strong>Thomas Breitsameter<\/strong><br \/>\nSt\u00e4dtische Musikschule M\u00fchldorf a.Inn<br \/>\nHans-Pr\u00e4hofer-Haus<br \/>\nLuitpoldallee 23<br \/>\nD-84453 M\u00fchldorf a.Inn<br \/>\nTel: +49 8631 612-280<br \/>\nFax: +49 8631 3680-280<\/p>\n<p>Email: <a title=\"Email an Herrn Thomas Breitsameter\" href=\"mailto:info@muehldorfer-sommerakademie.de\" target=\"_blank\" rel=\"noopener\">info@muehldorfer-sommerakademie.de<\/a><\/p>\n<p><strong>Schirmherrschaft<\/strong><\/p>\n<p>Michael Hetzl, 1. B\u00fcrgermeister der Stadt M\u00fchldorf a.Inn<br \/>\nClaudia Hungerhuber, Kulturreferentin der Stadt M\u00fchldorf a.Inn<\/p>\n","protected":false},"excerpt":{"rendered":"<p>Verantwortlich f\u00fcr den Inhalt: Thomas Breitsameter St\u00e4dtische Musikschule M\u00fchldorf a.Inn Hans-Pr\u00e4hofer-Haus Luitpoldallee 23 D-84453 M\u00fchldorf a.Inn Tel: +49 8631 612-280 Fax: +49 8631 3680-280 Email: info@muehldorfer-sommerakademie.de Schirmherrschaft Michael Hetzl, 1. B\u00fcrgermeister der Stadt M\u00fchldorf a.Inn Claudia Hungerhuber, Kulturreferentin der Stadt M\u00fchldorf a.Inn<\/p>\n","protected":false},"author":7,"featured_media":0,"parent":0,"menu_order":0,"comment_status":"closed","ping_status":"closed","template":"","meta":{"xn-wppe-expiration":[],"xn-wppe-expiration-action":[],"xn-wppe-expiration-prefix":[],"_crdt_document":"","ngg_post_thumbnail":0,"footnotes":""},"class_list":["post-36","page","type-page","status-publish","hentry"],"acf":[],"_links":{"self":[{"href":"https:\/\/www.muehldorfer-sommerakademie.de\/index.php?rest_route=\/wp\/v2\/pages\/36","targetHints":{"allow":["GET"]}}],"collection":[{"href":"https:\/\/www.muehldorfer-sommerakademie.de\/index.php?rest_route=\/wp\/v2\/pages"}],"about":[{"href":"https:\/\/www.muehldorfer-sommerakademie.de\/index.php?rest_route=\/wp\/v2\/types\/page"}],"author":[{"embeddable":true,"href":"https:\/\/www.muehldorfer-sommerakademie.de\/index.php?rest_route=\/wp\/v2\/users\/7"}],"replies":[{"embeddable":true,"href":"https:\/\/www.muehldorfer-sommerakademie.de\/index.php?rest_route=%2Fwp%2Fv2%2Fcomments&post=36"}],"version-history":[{"count":6,"href":"https:\/\/www.muehldorfer-sommerakademie.de\/index.php?rest_route=\/wp\/v2\/pages\/36\/revisions"}],"predecessor-version":[{"id":919,"href":"https:\/\/www.muehldorfer-sommerakademie.de\/index.php?rest_route=\/wp\/v2\/pages\/36\/revisions\/919"}],"wp:attachment":[{"href":"https:\/\/www.muehldorfer-sommerakademie.de\/index.php?rest_route=%2Fwp%2Fv2%2Fmedia&parent=36"}],"curies":[{"name":"wp","href":"https:\/\/api.w.org\/{rel}","templated":true}]}}